{"id":97,"date":"2026-02-09T10:59:00","date_gmt":"2026-02-09T10:59:00","guid":{"rendered":"https:\/\/openbanking365.com\/?page_id=97"},"modified":"2026-02-10T08:10:49","modified_gmt":"2026-02-10T08:10:49","slug":"open-banking-365-configuration","status":"publish","type":"page","link":"https:\/\/openbanking365.com\/index.php\/open-banking-365-configuration\/","title":{"rendered":"OPEN BANKING 365 &#8211; CONFIGURATION"},"content":{"rendered":"\n<h2 class=\"wp-block-heading has-kubio-color-2-color has-text-color has-link-color wp-elements-13f1a6577f5c2db917ebfe1d07822943\">1. CONNEXION<\/h2>\n\n\n\n<p>Depuis la liste des \u00ab\u00a0Comptes bancaires\u00a0\u00bb, l&rsquo;action \u00ab\u00a0Configuration Bridge\u00a0\u00bb ouvre la page de connexions. <\/p>\n\n\n\n<p>Lors de la premi\u00e8re utilisation vous devez \u00ab\u00a0Toujours autoriser\u00a0\u00bb l&rsquo;acc\u00e8s \u00e0 ce service:<\/p>\n\n\n\n\n\n<figure class=\"wp-block-image size-full\"><img loading=\"lazy\" decoding=\"async\" width=\"750\" height=\"161\" src=\"https:\/\/openbanking365.com\/wp-content\/uploads\/2026\/02\/image-14-750x161-1.png\" alt=\"\" class=\"wp-image-99\" srcset=\"https:\/\/openbanking365.com\/wp-content\/uploads\/2026\/02\/image-14-750x161-1.png 750w, https:\/\/openbanking365.com\/wp-content\/uploads\/2026\/02\/image-14-750x161-1-300x64.png 300w\" sizes=\"(max-width: 750px) 100vw, 750px\" \/><\/figure>\n\n\n\n<p><\/p>\n\n\n\n<p>L&rsquo;action \u00ab\u00a0Ajouter une connexion bancaire\u00a0\u00bb ouvre alors une nouvelle page de connexion Bridge: <\/p>\n\n\n\n\n\n<p>Les messages ci-apr\u00e8s s\u2019affichent successivement :<\/p>\n\n\n\n\n\n<figure class=\"wp-block-image aligncenter size-full\"><img loading=\"lazy\" decoding=\"async\" width=\"300\" height=\"198\" src=\"https:\/\/openbanking365.com\/wp-content\/uploads\/2026\/02\/image-17-300x198-1.png\" alt=\"\" class=\"wp-image-103\"\/><\/figure>\n\n\n\n<p>L\u2019action \u00ab&nbsp;Continuer&nbsp;\u00bb vous oriente vers la documentation de WanaBridge.<br><\/p>\n\n\n\n<p>Vous pouvez fermer cette page pour revenir dans Business Central o\u00f9 un&nbsp; message vous invite \u00e0 confirmer que vous \u00eates parvenus \u00e0 vous connecter.<\/p>\n\n\n\n<p>Vous devriez alors constater que la nouvelle banque a \u00e9t\u00e9 ajout\u00e9e \u00e0 la liste :<\/p>\n\n\n\n<figure class=\"wp-block-image size-full\"><img loading=\"lazy\" decoding=\"async\" width=\"750\" height=\"161\" src=\"https:\/\/openbanking365.com\/wp-content\/uploads\/2026\/02\/image-14-750x161-2.png\" alt=\"\" class=\"wp-image-104\" srcset=\"https:\/\/openbanking365.com\/wp-content\/uploads\/2026\/02\/image-14-750x161-2.png 750w, https:\/\/openbanking365.com\/wp-content\/uploads\/2026\/02\/image-14-750x161-2-300x64.png 300w\" sizes=\"(max-width: 750px) 100vw, 750px\" \/><\/figure>\n\n\n\n<p>L\u2019action \u00ab&nbsp;Comptes Bridge&nbsp;\u00bb (ou clic sur l\u2019ID&nbsp;\u00bb) affiche la liste des comptes associ\u00e9s (quelle que soit la soci\u00e9t\u00e9) :<\/p>\n\n\n\n<figure class=\"wp-block-image size-full\"><img loading=\"lazy\" decoding=\"async\" width=\"750\" height=\"301\" src=\"https:\/\/openbanking365.com\/wp-content\/uploads\/2026\/02\/image-21-750x301-1.png\" alt=\"\" class=\"wp-image-105\" srcset=\"https:\/\/openbanking365.com\/wp-content\/uploads\/2026\/02\/image-21-750x301-1.png 750w, https:\/\/openbanking365.com\/wp-content\/uploads\/2026\/02\/image-21-750x301-1-300x120.png 300w\" sizes=\"(max-width: 750px) 100vw, 750px\" \/><\/figure>\n\n\n\n<p>L&rsquo;action \u00ab&nbsp;Aper\u00e7u transactions&nbsp;\u00bb visualise les transactions disponibles pour proposer une \u00ab&nbsp;Feuille rapprochement&nbsp;\u00bb.<\/p>\n\n\n\n<p>Pour les comptes de \u00ab&nbsp;Type de compte Bridge&nbsp;\u00bb \u2018Ch\u00e8que\u2019 (compte courant), l\u2019IBAN est le lien implicite entre le \u00ab&nbsp;Compte Bridge&nbsp;\u00bb et le \u00ab&nbsp;Comptes bancaire&nbsp;\u00bb.<\/p>\n\n\n\n<p>Pour les comptes de \u00ab&nbsp;Type de compte Bridge&nbsp;\u00bb \u2018Carte\u2019, l\u2019identifiant (premier code contenant au moins un chiffre) est extrait du \u00ab&nbsp;Nom&nbsp;\u00bb du \u00ab&nbsp;Compte Bridge&nbsp;\u00bb et doit \u00eatre repris \u00e0 l\u2019identique dans le champ \u00ab&nbsp;N\u00b0 compte bancaire&nbsp;\u00bb du \u00ab&nbsp;Compte bancaire&nbsp;\u00bb de la soci\u00e9t\u00e9 concern\u00e9e.<br>Vous pouvez donc cr\u00e9er autant de \u00ab&nbsp;Comptes bancaires&nbsp;\u00bb que de cartes \u00e0 synchroniser.<\/p>\n\n\n\n<p>L\u2019action \u00ab&nbsp;Cr\u00e9er comptes bancaires&nbsp;\u00bb permet de cr\u00e9er (dans la soci\u00e9t\u00e9 courante) les comptes s\u00e9lectionn\u00e9s:<\/p>\n\n\n\n<ul class=\"wp-block-list\">\n<li>&#8211; Si le \u00ab&nbsp;Type de compte Bridge&nbsp;\u00bb est \u2018Ch\u00e8que\u2019, le \u00ab&nbsp;N\u00b0&nbsp;\u00bb reprend le \u00ab&nbsp;Nom de la banque&nbsp;\u00bb (tronqu\u00e9 le cas \u00e9ch\u00e9ant).<\/li>\n<\/ul>\n\n\n\n<ul class=\"wp-block-list\">\n<li>&#8211; Si le \u00ab&nbsp;Type de compte Bridge&nbsp;\u00bb est \u2018Carte\u2019, le \u00ab&nbsp;N\u00b0&nbsp;\u00bb reprend l\u2019identifiant du \u00ab&nbsp;Compte Bridge&nbsp;\u00bb (premier code contenant au moins un chiffre), ce dernier \u00e9tant supprim\u00e9 pour d\u00e9finir le \u00ab&nbsp;Nom&nbsp;\u00bb du \u00ab&nbsp;Compte bancaire&nbsp;\u00bb.<br>Le \u00ab&nbsp;N\u00b0&nbsp;\u00bb est \u00e9galement repris en \u00ab&nbsp;N\u00b0 compte bancaire&nbsp;\u00bb.<br>Le \u00ab&nbsp;N\u00b0&nbsp;\u00bb et le \u00ab&nbsp;Nom&nbsp;\u00bb ainsi attribu\u00e9s peuvent \u00eatre modifi\u00e9s, mais le \u00ab&nbsp;N\u00b0 compte bancaire&nbsp;\u00bb (lien avec le \u00ab&nbsp;Compte Bridge&nbsp;\u00bb) doit \u00eatre pr\u00e9serv\u00e9.<\/li>\n\n\n\n<li>Une liste affiche alors les comptes cr\u00e9\u00e9s afin d\u2019y compl\u00e9ter le \u00ab&nbsp;Groupe compta. banque&nbsp;\u00bb.<\/li>\n<\/ul>\n\n\n\n<p>Renouvelez l\u2019op\u00e9ration \u00ab&nbsp;Ajouter une connexion bancaire&nbsp;\u00bb pour chacune de vos banques et comptes associ\u00e9s.<\/p>\n\n\n\n<p>Pour en savoir plus:<\/p>\n\n\n\n<p><a href=\"https:\/\/bridgeapi.io\/blog-posts\/api-open-banking\/\">Qu\u2019est-ce qu\u2019une API Open Banking\u2009? (bridgeapi.io)<\/a><\/p>\n\n\n\n<p><a href=\"https:\/\/bridgeapi.io\/blog-posts\/initiation-paiement\/\">Initiation de paiement : Le Guide Complet du paiement digital (bridgeapi.io)<\/a><\/p>\n\n\n\n<p><\/p>\n\n\n\n<h2 class=\"wp-block-heading has-kubio-color-2-color has-text-color has-link-color wp-elements-f1323828f3783b03051c442b756e0761\">2. PLANIFIER L&rsquo;INT\u00c9GRATION DES OP\u00c9RATIONS BANCAIRES<\/h2>\n\n\n\n<p>Depuis la page initiale \u00ab&nbsp;Configuration de Bridge&nbsp;\u00bb, l\u2019action \u00ab&nbsp;Planifier&nbsp;\u00bb ajoute \u00e0 la \u00ab&nbsp;File d\u2019attente des travaux&nbsp;\u00bb une t\u00e2che planifi\u00e9e chaque nuit du lundi au vendredi pour int\u00e9grer les op\u00e9rations de la veille.<\/p>\n\n\n\n<p>Ces param\u00e8tres peuvent bien s\u00fbr \u00eatre ajust\u00e9s :<\/p>\n\n\n\n<figure class=\"wp-block-image size-full\"><img loading=\"lazy\" decoding=\"async\" width=\"750\" height=\"281\" src=\"https:\/\/openbanking365.com\/wp-content\/uploads\/2026\/02\/image-22-750x281-1.png\" alt=\"\" class=\"wp-image-106\" srcset=\"https:\/\/openbanking365.com\/wp-content\/uploads\/2026\/02\/image-22-750x281-1.png 750w, https:\/\/openbanking365.com\/wp-content\/uploads\/2026\/02\/image-22-750x281-1-300x112.png 300w\" sizes=\"(max-width: 750px) 100vw, 750px\" \/><\/figure>\n\n\n\n<p><strong>PARAMETRES BRIDGE<\/strong><\/p>\n\n\n\n<figure class=\"wp-block-image size-full\"><img loading=\"lazy\" decoding=\"async\" width=\"750\" height=\"341\" src=\"https:\/\/openbanking365.com\/wp-content\/uploads\/2026\/02\/image-9-750x341-1.png\" alt=\"\" class=\"wp-image-108\" srcset=\"https:\/\/openbanking365.com\/wp-content\/uploads\/2026\/02\/image-9-750x341-1.png 750w, https:\/\/openbanking365.com\/wp-content\/uploads\/2026\/02\/image-9-750x341-1-300x136.png 300w\" sizes=\"(max-width: 750px) 100vw, 750px\" \/><\/figure>\n\n\n\n<p>Le \u00ab&nbsp;Base Endpoint&nbsp;\u00bb est pr\u00e9d\u00e9fini; Utiliser la description Bridge : voir Utilisation<\/p>\n\n\n\n<p>Cette m\u00eame page de configuration est accessible depuis la liste des \u00ab&nbsp;Connexions au service&nbsp;\u00bb<\/p>\n\n\n\n<h4 class=\"wp-block-heading\">Initialiser: L\u2019action pr\u00e9alable \u00ab&nbsp;Initialiser&nbsp;\u00bb permet d\u2019activer les autres actions (jusqu\u2019alors gris\u00e9es) et importe la liste des \u00ab&nbsp;Banques Bridge&nbsp;\u00bb et des \u00ab&nbsp;Cat\u00e9gories&nbsp;\u00bb (que vous trouverez sous le groupe d\u2019actions \u00ab&nbsp;Associ\u00e9&nbsp;\u00bb).<\/h4>\n\n\n\n<p><\/p>\n\n\n\n\n\n\n","protected":false},"excerpt":{"rendered":"<p>1. CONNEXION Depuis la liste des \u00ab\u00a0Comptes bancaires\u00a0\u00bb, l&rsquo;action \u00ab\u00a0Configuration Bridge\u00a0\u00bb ouvre la page de connexions. Lors de la premi\u00e8re utilisation vous devez \u00ab\u00a0Toujours autoriser\u00a0\u00bb l&rsquo;acc\u00e8s \u00e0 ce service: L&rsquo;action \u00ab\u00a0Ajouter une connexion bancaire\u00a0\u00bb ouvre alors une nouvelle page de<\/p>\n","protected":false},"author":1,"featured_media":0,"parent":0,"menu_order":0,"comment_status":"closed","ping_status":"closed","template":"","meta":{"saved_in_kubio":true,"footnotes":""},"class_list":["post-97","page","type-page","status-publish","hentry"],"kubio_ai_page_context":{"short_desc":"","purpose":"general"},"_links":{"self":[{"href":"https:\/\/openbanking365.com\/index.php\/wp-json\/wp\/v2\/pages\/97","targetHints":{"allow":["GET"]}}],"collection":[{"href":"https:\/\/openbanking365.com\/index.php\/wp-json\/wp\/v2\/pages"}],"about":[{"href":"https:\/\/openbanking365.com\/index.php\/wp-json\/wp\/v2\/types\/page"}],"author":[{"embeddable":true,"href":"https:\/\/openbanking365.com\/index.php\/wp-json\/wp\/v2\/users\/1"}],"replies":[{"embeddable":true,"href":"https:\/\/openbanking365.com\/index.php\/wp-json\/wp\/v2\/comments?post=97"}],"version-history":[{"count":10,"href":"https:\/\/openbanking365.com\/index.php\/wp-json\/wp\/v2\/pages\/97\/revisions"}],"predecessor-version":[{"id":156,"href":"https:\/\/openbanking365.com\/index.php\/wp-json\/wp\/v2\/pages\/97\/revisions\/156"}],"wp:attachment":[{"href":"https:\/\/openbanking365.com\/index.php\/wp-json\/wp\/v2\/media?parent=97"}],"curies":[{"name":"wp","href":"https:\/\/api.w.org\/{rel}","templated":true}]}}